{"id":612,"date":"2024-05-12T09:58:57","date_gmt":"2024-05-12T08:58:57","guid":{"rendered":"https:\/\/success.eu.com\/?page_id=612"},"modified":"2024-05-13T13:03:05","modified_gmt":"2024-05-13T12:03:05","slug":"wellness-lifestyle-artikelubersicht","status":"publish","type":"page","link":"https:\/\/www.success.eu.com\/?page_id=612","title":{"rendered":"Wellness &amp; Lifestyle &#8211; Artikel\u00fcbersicht"},"content":{"rendered":"\t\t<div data-elementor-type=\"wp-page\" data-elementor-id=\"612\" class=\"elementor elementor-612\" data-elementor-post-type=\"page\">\n\t\t\t\t<div class=\"elementor-element elementor-element-927ecc8 e-flex e-con-boxed e-con e-parent\" data-id=\"927ecc8\" data-element_type=\"container\" data-e-type=\"container\">\n\t\t\t\t\t<div class=\"e-con-inner\">\n\t\t\t\t<div class=\"elementor-element elementor-element-b44824f elementor-grid-3 elementor-grid-tablet-2 elementor-grid-mobile-1 elementor-posts--thumbnail-top elementor-posts--show-avatar elementor-card-shadow-yes elementor-posts__hover-gradient elementor-widget elementor-widget-posts\" data-id=\"b44824f\" data-element_type=\"widget\" data-e-type=\"widget\" data-settings=\"{&quot;cards_columns&quot;:&quot;3&quot;,&quot;cards_columns_tablet&quot;:&quot;2&quot;,&quot;cards_columns_mobile&quot;:&quot;1&quot;,&quot;cards_row_gap&quot;:{&quot;unit&quot;:&quot;px&quot;,&quot;size&quot;:35,&quot;sizes&quot;:[]},&quot;cards_row_gap_tablet&quot;:{&quot;unit&quot;:&quot;px&quot;,&quot;size&quot;:&quot;&quot;,&quot;sizes&quot;:[]},&quot;cards_row_gap_mobile&quot;:{&quot;unit&quot;:&quot;px&quot;,&quot;size&quot;:&quot;&quot;,&quot;sizes&quot;:[]}}\" data-widget_type=\"posts.cards\">\n\t\t\t\t<div class=\"elementor-widget-container\">\n\t\t\t\t\t\t\t<div class=\"elementor-posts-container elementor-posts elementor-posts--skin-cards elementor-grid\" role=\"list\">\n\t\t\t\t<article class=\"elementor-post elementor-grid-item post-157 post type-post status-publish format-standard has-post-thumbnail hentry category-wellness-lifestyle tag-gesundheit tag-glueck tag-veraenderung tag-wellness\" role=\"listitem\">\n\t\t\t<div class=\"elementor-post__card\">\n\t\t\t\t<a class=\"elementor-post__thumbnail__link\" href=\"https:\/\/www.success.eu.com\/?p=157\" tabindex=\"-1\" ><div class=\"elementor-post__thumbnail\"><img fetchpriority=\"high\" decoding=\"async\" width=\"800\" height=\"450\" src=\"https:\/\/www.success.eu.com\/wp-content\/uploads\/2017\/03\/Veraenderung-5f3-1024x576.png\" class=\"attachment-large size-large wp-image-156\" alt=\"\" srcset=\"https:\/\/www.success.eu.com\/wp-content\/uploads\/2017\/03\/Veraenderung-5f3-1024x576.png 1024w, https:\/\/www.success.eu.com\/wp-content\/uploads\/2017\/03\/Veraenderung-5f3-300x169.png 300w, https:\/\/www.success.eu.com\/wp-content\/uploads\/2017\/03\/Veraenderung-5f3-768x432.png 768w, https:\/\/www.success.eu.com\/wp-content\/uploads\/2017\/03\/Veraenderung-5f3-1536x863.png 1536w, https:\/\/www.success.eu.com\/wp-content\/uploads\/2017\/03\/Veraenderung-5f3-2048x1151.png 2048w\" sizes=\"(max-width: 800px) 100vw, 800px\" \/><\/div><\/a>\n\t\t\t\t<div class=\"elementor-post__badge\">Wellness &amp; Lifestyle<\/div>\n\t\t\t\t<div class=\"elementor-post__avatar\">\n\t\t\t<img alt='Janprem' src='https:\/\/secure.gravatar.com\/avatar\/0903317f8237021b52db8236f87a65ef88c07058493302ac0007810f14a5e50e?s=128&#038;d=mm&#038;r=g' srcset='https:\/\/secure.gravatar.com\/avatar\/0903317f8237021b52db8236f87a65ef88c07058493302ac0007810f14a5e50e?s=256&#038;d=mm&#038;r=g 2x' class='avatar avatar-128 photo' height='128' width='128' \/>\t\t<\/div>\n\t\t\t\t<div class=\"elementor-post__text\">\n\t\t\t\t<h3 class=\"elementor-post__title\">\n\t\t\t<a href=\"https:\/\/www.success.eu.com\/?p=157\" >\n\t\t\t\tWie geht&#8217;s?\t\t\t<\/a>\n\t\t<\/h3>\n\t\t\t\t<div class=\"elementor-post__excerpt\">\n\t\t\t<p>\u00bbGute Frau, wie geht&#8217;s denn so. Wie gestern?\u00ab Das ist eine Frage, die wir, wenn sie mit &#8222;Ja&#8220; beantwortet wird als positiv bewerten. Andererseits k\u00f6nnte<\/p>\n\t\t<\/div>\n\t\t\n\t\t<a class=\"elementor-post__read-more\" href=\"https:\/\/www.success.eu.com\/?p=157\" aria-label=\"Mehr \u00fcber Wie geht&#8217;s?\" tabindex=\"-1\" >\n\t\t\tRead More \u00bb\t\t<\/a>\n\n\t\t\t\t<\/div>\n\t\t\t\t<div class=\"elementor-post__meta-data\">\n\t\t\t\t\t<span class=\"elementor-post-date\">\n\t\t\t21\/03\/2017\t\t<\/span>\n\t\t\t\t<\/div>\n\t\t\t\t\t<\/div>\n\t\t<\/article>\n\t\t\t\t<article class=\"elementor-post elementor-grid-item post-155 post type-post status-publish format-standard has-post-thumbnail hentry category-wellness-lifestyle tag-gedanken tag-geist tag-zweifel\" role=\"listitem\">\n\t\t\t<div class=\"elementor-post__card\">\n\t\t\t\t<a class=\"elementor-post__thumbnail__link\" href=\"https:\/\/www.success.eu.com\/?p=155\" tabindex=\"-1\" ><div class=\"elementor-post__thumbnail\"><img decoding=\"async\" width=\"800\" height=\"403\" src=\"https:\/\/www.success.eu.com\/wp-content\/uploads\/2017\/02\/Die_Kraft_Der_Gedanken-821-1024x516.png\" class=\"attachment-large size-large wp-image-154\" alt=\"\" srcset=\"https:\/\/www.success.eu.com\/wp-content\/uploads\/2017\/02\/Die_Kraft_Der_Gedanken-821-1024x516.png 1024w, https:\/\/www.success.eu.com\/wp-content\/uploads\/2017\/02\/Die_Kraft_Der_Gedanken-821-300x151.png 300w, https:\/\/www.success.eu.com\/wp-content\/uploads\/2017\/02\/Die_Kraft_Der_Gedanken-821-768x387.png 768w, https:\/\/www.success.eu.com\/wp-content\/uploads\/2017\/02\/Die_Kraft_Der_Gedanken-821-1536x774.png 1536w, https:\/\/www.success.eu.com\/wp-content\/uploads\/2017\/02\/Die_Kraft_Der_Gedanken-821.png 1563w\" sizes=\"(max-width: 800px) 100vw, 800px\" \/><\/div><\/a>\n\t\t\t\t<div class=\"elementor-post__badge\">Wellness &amp; Lifestyle<\/div>\n\t\t\t\t<div class=\"elementor-post__avatar\">\n\t\t\t<img alt='Janprem' src='https:\/\/secure.gravatar.com\/avatar\/0903317f8237021b52db8236f87a65ef88c07058493302ac0007810f14a5e50e?s=128&#038;d=mm&#038;r=g' srcset='https:\/\/secure.gravatar.com\/avatar\/0903317f8237021b52db8236f87a65ef88c07058493302ac0007810f14a5e50e?s=256&#038;d=mm&#038;r=g 2x' class='avatar avatar-128 photo' height='128' width='128' \/>\t\t<\/div>\n\t\t\t\t<div class=\"elementor-post__text\">\n\t\t\t\t<h3 class=\"elementor-post__title\">\n\t\t\t<a href=\"https:\/\/www.success.eu.com\/?p=155\" >\n\t\t\t\tDie Kraft der Gedanken\t\t\t<\/a>\n\t\t<\/h3>\n\t\t\t\t<div class=\"elementor-post__excerpt\">\n\t\t\t<p>&nbsp; &nbsp; 22 Februar2017 Written by:J\u00fcrgen Rinelli Category:Wellness &nbsp; &nbsp; Zweifel an der Wahrheit anderer f\u00fchrt mich zur Suche nach meiner eigenen Wahrheit. Zweifel an<\/p>\n\t\t<\/div>\n\t\t\n\t\t<a class=\"elementor-post__read-more\" href=\"https:\/\/www.success.eu.com\/?p=155\" aria-label=\"Mehr \u00fcber Die Kraft der Gedanken\" tabindex=\"-1\" >\n\t\t\tRead More \u00bb\t\t<\/a>\n\n\t\t\t\t<\/div>\n\t\t\t\t<div class=\"elementor-post__meta-data\">\n\t\t\t\t\t<span class=\"elementor-post-date\">\n\t\t\t22\/02\/2017\t\t<\/span>\n\t\t\t\t<\/div>\n\t\t\t\t\t<\/div>\n\t\t<\/article>\n\t\t\t\t<article class=\"elementor-post elementor-grid-item post-153 post type-post status-publish format-standard has-post-thumbnail hentry category-wellness-lifestyle tag-erfolg tag-glueck tag-success\" role=\"listitem\">\n\t\t\t<div class=\"elementor-post__card\">\n\t\t\t\t<a class=\"elementor-post__thumbnail__link\" href=\"https:\/\/www.success.eu.com\/?p=153\" tabindex=\"-1\" ><div class=\"elementor-post__thumbnail\"><img decoding=\"async\" width=\"800\" height=\"641\" src=\"https:\/\/www.success.eu.com\/wp-content\/uploads\/2017\/02\/Jagt_Success-40a-1024x821.jpg\" class=\"attachment-large size-large wp-image-152\" alt=\"\" srcset=\"https:\/\/www.success.eu.com\/wp-content\/uploads\/2017\/02\/Jagt_Success-40a-1024x821.jpg 1024w, https:\/\/www.success.eu.com\/wp-content\/uploads\/2017\/02\/Jagt_Success-40a-300x240.jpg 300w, https:\/\/www.success.eu.com\/wp-content\/uploads\/2017\/02\/Jagt_Success-40a-768x615.jpg 768w, https:\/\/www.success.eu.com\/wp-content\/uploads\/2017\/02\/Jagt_Success-40a-1536x1231.jpg 1536w, https:\/\/www.success.eu.com\/wp-content\/uploads\/2017\/02\/Jagt_Success-40a.jpg 1540w\" sizes=\"(max-width: 800px) 100vw, 800px\" \/><\/div><\/a>\n\t\t\t\t<div class=\"elementor-post__badge\">Wellness &amp; Lifestyle<\/div>\n\t\t\t\t<div class=\"elementor-post__avatar\">\n\t\t\t<img alt='Janprem' src='https:\/\/secure.gravatar.com\/avatar\/0903317f8237021b52db8236f87a65ef88c07058493302ac0007810f14a5e50e?s=128&#038;d=mm&#038;r=g' srcset='https:\/\/secure.gravatar.com\/avatar\/0903317f8237021b52db8236f87a65ef88c07058493302ac0007810f14a5e50e?s=256&#038;d=mm&#038;r=g 2x' class='avatar avatar-128 photo' height='128' width='128' \/>\t\t<\/div>\n\t\t\t\t<div class=\"elementor-post__text\">\n\t\t\t\t<h3 class=\"elementor-post__title\">\n\t\t\t<a href=\"https:\/\/www.success.eu.com\/?p=153\" >\n\t\t\t\tDer Mensch &#8211; Der J\u00e4ger\t\t\t<\/a>\n\t\t<\/h3>\n\t\t\t\t<div class=\"elementor-post__excerpt\">\n\t\t\t<p>&nbsp; &nbsp; 08 Februar2017 Written by:J\u00fcrgen Rinelli Category:Wellness &nbsp; &nbsp; Wir Menschen sind von der Evolution her noch J\u00e4ger. Das Jagen liegt uns im Blut.<\/p>\n\t\t<\/div>\n\t\t\n\t\t<a class=\"elementor-post__read-more\" href=\"https:\/\/www.success.eu.com\/?p=153\" aria-label=\"Mehr \u00fcber Der Mensch &#8211; Der J\u00e4ger\" tabindex=\"-1\" >\n\t\t\tRead More \u00bb\t\t<\/a>\n\n\t\t\t\t<\/div>\n\t\t\t\t<div class=\"elementor-post__meta-data\">\n\t\t\t\t\t<span class=\"elementor-post-date\">\n\t\t\t08\/02\/2017\t\t<\/span>\n\t\t\t\t<\/div>\n\t\t\t\t\t<\/div>\n\t\t<\/article>\n\t\t\t\t<article class=\"elementor-post elementor-grid-item post-148 post type-post status-publish format-standard has-post-thumbnail hentry category-wellness-lifestyle tag-erfolg tag-glueck tag-leben tag-lebensweg tag-wellness\" role=\"listitem\">\n\t\t\t<div class=\"elementor-post__card\">\n\t\t\t\t<a class=\"elementor-post__thumbnail__link\" href=\"https:\/\/www.success.eu.com\/?p=148\" tabindex=\"-1\" ><div class=\"elementor-post__thumbnail\"><img loading=\"lazy\" decoding=\"async\" width=\"800\" height=\"238\" src=\"https:\/\/www.success.eu.com\/wp-content\/uploads\/2017\/01\/los_gehts2-00c-1024x304.png\" class=\"attachment-large size-large wp-image-147\" alt=\"\" srcset=\"https:\/\/www.success.eu.com\/wp-content\/uploads\/2017\/01\/los_gehts2-00c-1024x304.png 1024w, https:\/\/www.success.eu.com\/wp-content\/uploads\/2017\/01\/los_gehts2-00c-300x89.png 300w, https:\/\/www.success.eu.com\/wp-content\/uploads\/2017\/01\/los_gehts2-00c-768x228.png 768w, https:\/\/www.success.eu.com\/wp-content\/uploads\/2017\/01\/los_gehts2-00c.png 1501w\" sizes=\"(max-width: 800px) 100vw, 800px\" \/><\/div><\/a>\n\t\t\t\t<div class=\"elementor-post__badge\">Wellness &amp; Lifestyle<\/div>\n\t\t\t\t<div class=\"elementor-post__avatar\">\n\t\t\t<img alt='Janprem' src='https:\/\/secure.gravatar.com\/avatar\/0903317f8237021b52db8236f87a65ef88c07058493302ac0007810f14a5e50e?s=128&#038;d=mm&#038;r=g' srcset='https:\/\/secure.gravatar.com\/avatar\/0903317f8237021b52db8236f87a65ef88c07058493302ac0007810f14a5e50e?s=256&#038;d=mm&#038;r=g 2x' class='avatar avatar-128 photo' height='128' width='128' \/>\t\t<\/div>\n\t\t\t\t<div class=\"elementor-post__text\">\n\t\t\t\t<h3 class=\"elementor-post__title\">\n\t\t\t<a href=\"https:\/\/www.success.eu.com\/?p=148\" >\n\t\t\t\tLos geht\u00b4s\t\t\t<\/a>\n\t\t<\/h3>\n\t\t\t\t<div class=\"elementor-post__excerpt\">\n\t\t\t<p>&nbsp; &nbsp; 25 Januar2017 Written by:J\u00fcrgen Rinelli Category:Wellness &nbsp; &nbsp; Das Leben ist wunderbar und zu kurz um sich durch \u00c4ngste und Pr\u00e4gungen vom Erreichen<\/p>\n\t\t<\/div>\n\t\t\n\t\t<a class=\"elementor-post__read-more\" href=\"https:\/\/www.success.eu.com\/?p=148\" aria-label=\"Mehr \u00fcber Los geht\u00b4s\" tabindex=\"-1\" >\n\t\t\tRead More \u00bb\t\t<\/a>\n\n\t\t\t\t<\/div>\n\t\t\t\t<div class=\"elementor-post__meta-data\">\n\t\t\t\t\t<span class=\"elementor-post-date\">\n\t\t\t26\/01\/2017\t\t<\/span>\n\t\t\t\t<\/div>\n\t\t\t\t\t<\/div>\n\t\t<\/article>\n\t\t\t\t<article class=\"elementor-post elementor-grid-item post-146 post type-post status-publish format-standard has-post-thumbnail hentry category-wellness-lifestyle tag-alles-ist-moeglich-glaube-an-dich tag-erfolg tag-success\" role=\"listitem\">\n\t\t\t<div class=\"elementor-post__card\">\n\t\t\t\t<a class=\"elementor-post__thumbnail__link\" href=\"https:\/\/www.success.eu.com\/?p=146\" tabindex=\"-1\" ><div class=\"elementor-post__thumbnail\"><img loading=\"lazy\" decoding=\"async\" width=\"800\" height=\"534\" src=\"https:\/\/www.success.eu.com\/wp-content\/uploads\/2016\/11\/2-918-1024x683.jpg\" class=\"attachment-large size-large wp-image-145\" alt=\"\" srcset=\"https:\/\/www.success.eu.com\/wp-content\/uploads\/2016\/11\/2-918-1024x683.jpg 1024w, https:\/\/www.success.eu.com\/wp-content\/uploads\/2016\/11\/2-918-300x200.jpg 300w, https:\/\/www.success.eu.com\/wp-content\/uploads\/2016\/11\/2-918-768x512.jpg 768w, https:\/\/www.success.eu.com\/wp-content\/uploads\/2016\/11\/2-918-1536x1024.jpg 1536w, https:\/\/www.success.eu.com\/wp-content\/uploads\/2016\/11\/2-918.jpg 2048w\" sizes=\"(max-width: 800px) 100vw, 800px\" \/><\/div><\/a>\n\t\t\t\t<div class=\"elementor-post__badge\">Wellness &amp; Lifestyle<\/div>\n\t\t\t\t<div class=\"elementor-post__avatar\">\n\t\t\t<img alt='Janprem' src='https:\/\/secure.gravatar.com\/avatar\/0903317f8237021b52db8236f87a65ef88c07058493302ac0007810f14a5e50e?s=128&#038;d=mm&#038;r=g' srcset='https:\/\/secure.gravatar.com\/avatar\/0903317f8237021b52db8236f87a65ef88c07058493302ac0007810f14a5e50e?s=256&#038;d=mm&#038;r=g 2x' class='avatar avatar-128 photo' height='128' width='128' \/>\t\t<\/div>\n\t\t\t\t<div class=\"elementor-post__text\">\n\t\t\t\t<h3 class=\"elementor-post__title\">\n\t\t\t<a href=\"https:\/\/www.success.eu.com\/?p=146\" >\n\t\t\t\tWie ich zu Mr. Pole Dance Germany 2016 wurde\t\t\t<\/a>\n\t\t<\/h3>\n\t\t\t\t<div class=\"elementor-post__excerpt\">\n\t\t\t<p>19 August2016 Written by:J\u00fcrgen Rinelli Category:Wellness &nbsp; Alles ist m\u00f6glich \u2013 glaube an Dich \u201eWie ich zu Mr. Pole Dance Germany 2016 wurde\u201c &nbsp; Frei<\/p>\n\t\t<\/div>\n\t\t\n\t\t<a class=\"elementor-post__read-more\" href=\"https:\/\/www.success.eu.com\/?p=146\" aria-label=\"Mehr \u00fcber Wie ich zu Mr. Pole Dance Germany 2016 wurde\" tabindex=\"-1\" >\n\t\t\tRead More \u00bb\t\t<\/a>\n\n\t\t\t\t<\/div>\n\t\t\t\t<div class=\"elementor-post__meta-data\">\n\t\t\t\t\t<span class=\"elementor-post-date\">\n\t\t\t19\/11\/2016\t\t<\/span>\n\t\t\t\t<\/div>\n\t\t\t\t\t<\/div>\n\t\t<\/article>\n\t\t\t\t<article class=\"elementor-post elementor-grid-item post-144 post type-post status-publish format-standard has-post-thumbnail hentry category-wellness-lifestyle tag-erwachen tag-frieden tag-glueck tag-multikulturell tag-wellness\" role=\"listitem\">\n\t\t\t<div class=\"elementor-post__card\">\n\t\t\t\t<a class=\"elementor-post__thumbnail__link\" href=\"https:\/\/www.success.eu.com\/?p=144\" tabindex=\"-1\" ><div class=\"elementor-post__thumbnail\"><img loading=\"lazy\" decoding=\"async\" width=\"721\" height=\"472\" src=\"https:\/\/www.success.eu.com\/wp-content\/uploads\/2016\/08\/community_small-d63.jpg\" class=\"attachment-large size-large wp-image-143\" alt=\"\" srcset=\"https:\/\/www.success.eu.com\/wp-content\/uploads\/2016\/08\/community_small-d63.jpg 721w, https:\/\/www.success.eu.com\/wp-content\/uploads\/2016\/08\/community_small-d63-300x196.jpg 300w\" sizes=\"(max-width: 721px) 100vw, 721px\" \/><\/div><\/a>\n\t\t\t\t<div class=\"elementor-post__badge\">Wellness &amp; Lifestyle<\/div>\n\t\t\t\t<div class=\"elementor-post__avatar\">\n\t\t\t<img alt='Janprem' src='https:\/\/secure.gravatar.com\/avatar\/0903317f8237021b52db8236f87a65ef88c07058493302ac0007810f14a5e50e?s=128&#038;d=mm&#038;r=g' srcset='https:\/\/secure.gravatar.com\/avatar\/0903317f8237021b52db8236f87a65ef88c07058493302ac0007810f14a5e50e?s=256&#038;d=mm&#038;r=g 2x' class='avatar avatar-128 photo' height='128' width='128' \/>\t\t<\/div>\n\t\t\t\t<div class=\"elementor-post__text\">\n\t\t\t\t<h3 class=\"elementor-post__title\">\n\t\t\t<a href=\"https:\/\/www.success.eu.com\/?p=144\" >\n\t\t\t\tGegenw\u00e4rtigkeit &#8211; eine Chance der Gegenwart\t\t\t<\/a>\n\t\t<\/h3>\n\t\t\t\t<div class=\"elementor-post__excerpt\">\n\t\t\t<p>&nbsp; 03 August2016 Written by:J\u00fcrgen Rinelli Category:Wellness &nbsp; Beinahe t\u00e4glich erreichen uns Nachrichten von Terror, Amok und Katastrophen. Durch die modernen Kommunikationsformen verbreiten sie sich<\/p>\n\t\t<\/div>\n\t\t\n\t\t<a class=\"elementor-post__read-more\" href=\"https:\/\/www.success.eu.com\/?p=144\" aria-label=\"Mehr \u00fcber Gegenw\u00e4rtigkeit &#8211; eine Chance der Gegenwart\" tabindex=\"-1\" >\n\t\t\tRead More \u00bb\t\t<\/a>\n\n\t\t\t\t<\/div>\n\t\t\t\t<div class=\"elementor-post__meta-data\">\n\t\t\t\t\t<span class=\"elementor-post-date\">\n\t\t\t03\/08\/2016\t\t<\/span>\n\t\t\t\t<\/div>\n\t\t\t\t\t<\/div>\n\t\t<\/article>\n\t\t\t\t<\/div>\n\t\t\n\t\t\t\t\t\t<\/div>\n\t\t\t\t<\/div>\n\t\t\t\t\t<\/div>\n\t\t\t\t<\/div>\n\t\t\t\t<\/div>\n\t\t","protected":false},"excerpt":{"rendered":"","protected":false},"author":1,"featured_media":0,"parent":0,"menu_order":0,"comment_status":"closed","ping_status":"closed","template":"","meta":{"_acf_changed":false,"iawp_total_views":3,"footnotes":""},"class_list":["post-612","page","type-page","status-publish","hentry"],"acf":[],"_links":{"self":[{"href":"https:\/\/www.success.eu.com\/index.php?rest_route=\/wp\/v2\/pages\/612","targetHints":{"allow":["GET"]}}],"collection":[{"href":"https:\/\/www.success.eu.com\/index.php?rest_route=\/wp\/v2\/pages"}],"about":[{"href":"https:\/\/www.success.eu.com\/index.php?rest_route=\/wp\/v2\/types\/page"}],"author":[{"embeddable":true,"href":"https:\/\/www.success.eu.com\/index.php?rest_route=\/wp\/v2\/users\/1"}],"replies":[{"embeddable":true,"href":"https:\/\/www.success.eu.com\/index.php?rest_route=%2Fwp%2Fv2%2Fcomments&post=612"}],"version-history":[{"count":16,"href":"https:\/\/www.success.eu.com\/index.php?rest_route=\/wp\/v2\/pages\/612\/revisions"}],"predecessor-version":[{"id":703,"href":"https:\/\/www.success.eu.com\/index.php?rest_route=\/wp\/v2\/pages\/612\/revisions\/703"}],"wp:attachment":[{"href":"https:\/\/www.success.eu.com\/index.php?rest_route=%2Fwp%2Fv2%2Fmedia&parent=612"}],"curies":[{"name":"wp","href":"https:\/\/api.w.org\/{rel}","templated":true}]}}